{"id":11,"date":"2019-09-28T21:43:20","date_gmt":"2019-09-28T21:43:20","guid":{"rendered":"https:\/\/arqueoescena.eu\/?page_id=11"},"modified":"2019-10-01T10:06:07","modified_gmt":"2019-10-01T12:06:07","slug":"visites-teatralitzades","status":"publish","type":"page","link":"https:\/\/arqueoescena.eu\/?page_id=11","title":{"rendered":"Visites teatralitzades i recreacions hist\u00f2riques"},"content":{"rendered":"\n<p>En\nles visites teatralitzades es donen a con\u00e8ixer els monuments\ni els espais arqueol\u00f2gics amb\nun format narratiu diferent de les\nvisites guiades convencionals.<\/p>\n\n\n\n<p>A\nla Tarragona romana, la visita\ntranscorre per altres punts de l\u2019\u00e0rea monumental. L\u2019itinerari ve determinat per\nuna seq\u00fc\u00e8ncia d\u2019episodis dramatitzats, de manera que els espais urbans o\narquitect\u00f2nics esdevenen petits escenaris de la vida quotidiana dels seus\nantics habitants.<\/p>\n\n\n\n<p>\u00c9s\nuna manera din\u00e0mica i amena de con\u00e8ixer el patrimoni arqueol\u00f2gic i al mateix\ntemps aprendre sobre aspectes importants del seu context hist\u00f2ric: la societat,\nles activitats econ\u00f2miques, l\u2019administraci\u00f3, les creences, la ideologia,\nl\u2019entreteniment, etc. <\/p>\n\n\n\n<p>La\nrealitat d\u2019aquests \u00e0mbits \u00e9s representada en directe de la m\u00e0 d\u2019uns personatges\nque viuen en primera persona la quotidianitat pr\u00e0ctica d\u2019aquests coneixements\nm\u00e9s enll\u00e0 de la teoria&#8230;<\/p>\n\n\n\n<p>Aquestes\nvisites s&#8217;adapten&nbsp;als diferents tipus de visitants\n(estudiants, fam\u00edlies, grups d\u2019adults) i proposen un itinerari diferent pels monuments i espais\nantics de la\nciutat de T\u00e0rraco. Hi podreu con\u00e8ixer en directe unes hist\u00f2ries que\nens traslladen a\nfa quasi\ndos mil anys.\nUns\npersonatges peculiars que hi van viure us mostraran el seu\ndia\na dia\nen unes situacions singulars.<\/p>\n","protected":false},"excerpt":{"rendered":"<p>En les visites teatralitzades es donen a con\u00e8ixer els monuments i els espais arqueol\u00f2gics amb un format narratiu diferent de [&hellip;]<\/p>\n","protected":false},"author":1,"featured_media":42,"parent":0,"menu_order":0,"comment_status":"closed","ping_status":"closed","template":"","meta":{"_monsterinsights_skip_tracking":false,"_monsterinsights_sitenote_active":false,"_monsterinsights_sitenote_note":"","_monsterinsights_sitenote_category":0,"footnotes":""},"class_list":["post-11","page","type-page","status-publish","has-post-thumbnail","hentry"],"aioseo_notices":[],"_links":{"self":[{"href":"https:\/\/arqueoescena.eu\/index.php?rest_route=\/wp\/v2\/pages\/11","targetHints":{"allow":["GET"]}}],"collection":[{"href":"https:\/\/arqueoescena.eu\/index.php?rest_route=\/wp\/v2\/pages"}],"about":[{"href":"https:\/\/arqueoescena.eu\/index.php?rest_route=\/wp\/v2\/types\/page"}],"author":[{"embeddable":true,"href":"https:\/\/arqueoescena.eu\/index.php?rest_route=\/wp\/v2\/users\/1"}],"replies":[{"embeddable":true,"href":"https:\/\/arqueoescena.eu\/index.php?rest_route=%2Fwp%2Fv2%2Fcomments&post=11"}],"version-history":[{"count":3,"href":"https:\/\/arqueoescena.eu\/index.php?rest_route=\/wp\/v2\/pages\/11\/revisions"}],"predecessor-version":[{"id":145,"href":"https:\/\/arqueoescena.eu\/index.php?rest_route=\/wp\/v2\/pages\/11\/revisions\/145"}],"wp:featuredmedia":[{"embeddable":true,"href":"https:\/\/arqueoescena.eu\/index.php?rest_route=\/wp\/v2\/media\/42"}],"wp:attachment":[{"href":"https:\/\/arqueoescena.eu\/index.php?rest_route=%2Fwp%2Fv2%2Fmedia&parent=11"}],"curies":[{"name":"wp","href":"https:\/\/api.w.org\/{rel}","templated":true}]}}