{"id":128,"date":"2019-10-01T09:00:54","date_gmt":"2019-10-01T11:00:54","guid":{"rendered":"https:\/\/arqueoescena.eu\/?page_id=128"},"modified":"2019-10-01T09:04:54","modified_gmt":"2019-10-01T11:04:54","slug":"benvinguda","status":"publish","type":"page","link":"https:\/\/arqueoescena.eu\/?page_id=128","title":{"rendered":"Benvinguda"},"content":{"rendered":"\n<p> Arqueoescena \u00e9s una iniciativa que combina la hist\u00f2ria, les arts esc\u00e8niques i la did\u00e0ctica per a la posada en valor del patrimoni arqueol\u00f2gic. <\/p>\n\n\n\n<p> Ofereix propostes did\u00e0ctiques i de lleure per difondre el llegat hist\u00f2ric per mitj\u00e0 de la posada en escena en espais patrimonials. <\/p>\n\n\n\n<p> Les propostes de reconstrucci\u00f3 i recreaci\u00f3 s\u00f3n din\u00e0miques i tenen com a pilars la recerca, l\u2019experimentaci\u00f3, la innovaci\u00f3 i el llenguatge art\u00edstic. <\/p>\n\n\n\n<p> Arqueoescena se situa en una l\u00ednia pionera que aposta per implantar una forma innovadora de transfer\u00e8ncia del coneixement adquirit a partir de la recerca desenvolupada en disciplines com l\u2019arqueologia cl\u00e0ssica, la musicologia i la filologia. <\/p>\n\n\n\n<p>\n\nLa seva orientaci\u00f3 es caracteritza per la transversalitat, at\u00e8s que pivota sobre tres pilars: el&nbsp; patrimoni historicoarqueol\u00f2gic, les arts esc\u00e8niques i la pedagogia. En resulten, doncs, productes mixtos i vers\u00e0tils que deixen el cam\u00ed obert a la comunicaci\u00f3 de la mem\u00f2ria hist\u00f2rica amb tres claus alhora: cient\u00edfica, did\u00e0ctica i l\u00fadica. \n\n<\/p>\n","protected":false},"excerpt":{"rendered":"<p>Arqueoescena \u00e9s una iniciativa que combina la hist\u00f2ria, les arts esc\u00e8niques i la did\u00e0ctica per a la posada en valor [&hellip;]<\/p>\n","protected":false},"author":1,"featured_media":69,"parent":0,"menu_order":0,"comment_status":"closed","ping_status":"closed","template":"","meta":{"_monsterinsights_skip_tracking":false,"_monsterinsights_sitenote_active":false,"_monsterinsights_sitenote_note":"","_monsterinsights_sitenote_category":0,"footnotes":""},"class_list":["post-128","page","type-page","status-publish","has-post-thumbnail","hentry"],"aioseo_notices":[],"_links":{"self":[{"href":"https:\/\/arqueoescena.eu\/index.php?rest_route=\/wp\/v2\/pages\/128","targetHints":{"allow":["GET"]}}],"collection":[{"href":"https:\/\/arqueoescena.eu\/index.php?rest_route=\/wp\/v2\/pages"}],"about":[{"href":"https:\/\/arqueoescena.eu\/index.php?rest_route=\/wp\/v2\/types\/page"}],"author":[{"embeddable":true,"href":"https:\/\/arqueoescena.eu\/index.php?rest_route=\/wp\/v2\/users\/1"}],"replies":[{"embeddable":true,"href":"https:\/\/arqueoescena.eu\/index.php?rest_route=%2Fwp%2Fv2%2Fcomments&post=128"}],"version-history":[{"count":6,"href":"https:\/\/arqueoescena.eu\/index.php?rest_route=\/wp\/v2\/pages\/128\/revisions"}],"predecessor-version":[{"id":137,"href":"https:\/\/arqueoescena.eu\/index.php?rest_route=\/wp\/v2\/pages\/128\/revisions\/137"}],"wp:featuredmedia":[{"embeddable":true,"href":"https:\/\/arqueoescena.eu\/index.php?rest_route=\/wp\/v2\/media\/69"}],"wp:attachment":[{"href":"https:\/\/arqueoescena.eu\/index.php?rest_route=%2Fwp%2Fv2%2Fmedia&parent=128"}],"curies":[{"name":"wp","href":"https:\/\/api.w.org\/{rel}","templated":true}]}}