{"id":14,"date":"2019-09-28T21:43:20","date_gmt":"2019-09-28T21:43:20","guid":{"rendered":"https:\/\/arqueoescena.eu\/?page_id=14"},"modified":"2019-09-30T23:53:42","modified_gmt":"2019-10-01T01:53:42","slug":"recerca","status":"publish","type":"page","link":"https:\/\/arqueoescena.eu\/?page_id=14","title":{"rendered":"Recerca"},"content":{"rendered":"\n<p>En els diferents processos de recerca i experimentaci\u00f3 hi intervenen equips interdisciplinaris de natura diversa: arque\u00f2legs, guionistes, educadors, m\u00fasics, actors, ballarines, music\u00f2legs i fil\u00f2legs.<\/p>\n\n\n\n<p>Arqueoescena participa en projectes i equips espec\u00edfics, especialment els dedicats a l&#8217;arqueologia de la m\u00fasica, l&#8217;arqueologia de la dansa i el teatre cl\u00e0ssic.<\/p>\n\n\n\n<p><strong>SEdeM &#8211; <a href=\"http:\/\/www.sedem.es\/es\/comisiones-de-trabajo\/arqueologia-musical\/miembros.asp\">Sociedad Espa\u00f1ola de Musicolog\u00eda <\/a><\/strong><\/p>\n\n\n\n<p>Arqueoescena est\u00e0 vinculada a la Comissi\u00f3 de\nTreball d&#8217;Arqueologia Musical de la Sociedad Espa\u00f1ola de Musicolog\u00eda des de la seva fundaci\u00f3 l&#8217;any\n2013.<\/p>\n\n\n\n<p>Aquesta comissi\u00f3 es constitueix en un grup d\u2019estudi a escala nacional per difondre a la comunitat universit\u00e0ria i a la societat en general la recerca relacionada amb l\u2019arqueologia musical, establir relacions amb grups de recerca i estudi en els \u00e0mbits nacional i internacional i posar en valor el patrimoni arqueol\u00f2gic musical peninsular.<\/p>\n\n\n\n<p><strong>EMAP<a href=\"http:\/\/www.emaproject.eu\/\">&nbsp;&#8211; European Music Archaeology Project <\/a><\/strong><\/p>\n\n\n\n<p>Arqueoescena col\u00b7labora en el Projecte Europeu\nd&#8217;Arqueologia de la M\u00fasica (EMAP), una organitzaci\u00f3 formada per universitats,\ncentres de recerca i conservatoris de m\u00fasica i art dram\u00e0tic de vuit estats\neuropeus: Alemanya, \u00c0ustria, Espanya, It\u00e0lia, Portugal, Su\u00e8cia, Regne Unit\ni&nbsp;Xipre.<\/p>\n\n\n\n<p>Com\na membre associat al projecte, col\u00b7labora amb altres cient\u00edfics i artistes en\nels concerts que acompanyen l&#8217;exposici\u00f3 itinerant&nbsp;<em>ARKAEOMUSICA.\n<\/em><em>The<\/em><em> <\/em><em>Sounds<\/em><em> <\/em><em>and<\/em><em>\nMusic of <\/em><em>Ancient<\/em><em>\nEurope. A <\/em><em>Traveling<\/em><em> <\/em><em>Multimedia<\/em><em> <\/em><em>Exhibition<\/em>&nbsp;en gira per diferents\ncapitals europees durant el per\u00edode 2016-2017.<\/p>\n","protected":false},"excerpt":{"rendered":"<p>En els diferents processos de recerca i experimentaci\u00f3 hi intervenen equips interdisciplinaris de natura diversa: arque\u00f2legs, guionistes, educadors, m\u00fasics, actors, [&hellip;]<\/p>\n","protected":false},"author":1,"featured_media":97,"parent":0,"menu_order":0,"comment_status":"closed","ping_status":"closed","template":"","meta":{"_monsterinsights_skip_tracking":false,"_monsterinsights_sitenote_active":false,"_monsterinsights_sitenote_note":"","_monsterinsights_sitenote_category":0,"footnotes":""},"class_list":["post-14","page","type-page","status-publish","has-post-thumbnail","hentry"],"aioseo_notices":[],"_links":{"self":[{"href":"https:\/\/arqueoescena.eu\/index.php?rest_route=\/wp\/v2\/pages\/14","targetHints":{"allow":["GET"]}}],"collection":[{"href":"https:\/\/arqueoescena.eu\/index.php?rest_route=\/wp\/v2\/pages"}],"about":[{"href":"https:\/\/arqueoescena.eu\/index.php?rest_route=\/wp\/v2\/types\/page"}],"author":[{"embeddable":true,"href":"https:\/\/arqueoescena.eu\/index.php?rest_route=\/wp\/v2\/users\/1"}],"replies":[{"embeddable":true,"href":"https:\/\/arqueoescena.eu\/index.php?rest_route=%2Fwp%2Fv2%2Fcomments&post=14"}],"version-history":[{"count":3,"href":"https:\/\/arqueoescena.eu\/index.php?rest_route=\/wp\/v2\/pages\/14\/revisions"}],"predecessor-version":[{"id":98,"href":"https:\/\/arqueoescena.eu\/index.php?rest_route=\/wp\/v2\/pages\/14\/revisions\/98"}],"wp:featuredmedia":[{"embeddable":true,"href":"https:\/\/arqueoescena.eu\/index.php?rest_route=\/wp\/v2\/media\/97"}],"wp:attachment":[{"href":"https:\/\/arqueoescena.eu\/index.php?rest_route=%2Fwp%2Fv2%2Fmedia&parent=14"}],"curies":[{"name":"wp","href":"https:\/\/api.w.org\/{rel}","templated":true}]}}